{"id":68,"date":"2013-10-23T12:34:10","date_gmt":"2013-10-23T10:34:10","guid":{"rendered":"http:\/\/rsv.bmkz.org\/?page_id=68"},"modified":"2021-08-02T17:35:48","modified_gmt":"2021-08-02T15:35:48","slug":"vereinsvorstand","status":"publish","type":"page","link":"https:\/\/www.rsv-kaernten.com\/?page_id=68","title":{"rendered":"Vereinsvorstand"},"content":{"rendered":"<div>\n<h1>Vorstand des RSV K\u00e4rnten<\/h1>\n<\/div>\n<p>Der Vorstand des RSV setzt sich gem\u00e4\u00df Wahl vom 14.Juni 2021 wie folgt zusammen:<\/p>\n<table border=\"1\" cellspacing=\"0\" cellpadding=\"0\">\n<tbody>\n<tr>\n<td width=\"130\">Obmann:<\/td>\n<td valign=\"top\" width=\"161\"><strong>Manfred Kartnig<\/strong><\/td>\n<\/tr>\n<tr>\n<td width=\"130\">Obmann-Stv.:<\/td>\n<td valign=\"top\" width=\"161\"><strong>Lucas Fiedler<\/strong><\/td>\n<\/tr>\n<tr>\n<td width=\"130\">Kassier:<\/td>\n<td valign=\"top\" width=\"161\"><strong>Thomas Hafner<\/strong><\/td>\n<\/tr>\n<tr>\n<td width=\"130\">Kassier-Stv.:<\/td>\n<td valign=\"top\" width=\"161\"><strong>Klaudia Kartnig<\/strong><\/td>\n<\/tr>\n<tr>\n<td width=\"130\">Schriftf\u00fchrer:<\/td>\n<td valign=\"top\" width=\"161\"><strong>Reinhold\u00a0M\u00fcller<\/strong><\/td>\n<\/tr>\n<tr>\n<td width=\"130\">Schriftf\u00fchrer-Stv.:<\/td>\n<td valign=\"top\" width=\"161\"><strong>Robert Holdernig<\/strong><\/td>\n<\/tr>\n<\/tbody>\n<\/table>\n\n\n<p><\/p>\n","protected":false},"excerpt":{"rendered":"<p>Vorstand des RSV K\u00e4rnten Der Vorstand des RSV setzt sich gem\u00e4\u00df Wahl vom 14.Juni 2021 wie folgt zusammen: Obmann: Manfred Kartnig Obmann-Stv.: Lucas Fiedler Kassier: Thomas Hafner Kassier-Stv.: Klaudia Kartnig Schriftf\u00fchrer: Reinhold\u00a0M\u00fcller Schriftf\u00fchrer-Stv.: Robert Holdernig<\/p>\n","protected":false},"author":2,"featured_media":0,"parent":0,"menu_order":0,"comment_status":"closed","ping_status":"open","template":"","meta":{"footnotes":""},"_links":{"self":[{"href":"https:\/\/www.rsv-kaernten.com\/index.php?rest_route=\/wp\/v2\/pages\/68"}],"collection":[{"href":"https:\/\/www.rsv-kaernten.com\/index.php?rest_route=\/wp\/v2\/pages"}],"about":[{"href":"https:\/\/www.rsv-kaernten.com\/index.php?rest_route=\/wp\/v2\/types\/page"}],"author":[{"embeddable":true,"href":"https:\/\/www.rsv-kaernten.com\/index.php?rest_route=\/wp\/v2\/users\/2"}],"replies":[{"embeddable":true,"href":"https:\/\/www.rsv-kaernten.com\/index.php?rest_route=%2Fwp%2Fv2%2Fcomments&post=68"}],"version-history":[{"count":7,"href":"https:\/\/www.rsv-kaernten.com\/index.php?rest_route=\/wp\/v2\/pages\/68\/revisions"}],"predecessor-version":[{"id":1223,"href":"https:\/\/www.rsv-kaernten.com\/index.php?rest_route=\/wp\/v2\/pages\/68\/revisions\/1223"}],"wp:attachment":[{"href":"https:\/\/www.rsv-kaernten.com\/index.php?rest_route=%2Fwp%2Fv2%2Fmedia&parent=68"}],"curies":[{"name":"wp","href":"https:\/\/api.w.org\/{rel}","templated":true}]}}