{"id":62,"date":"2013-10-21T20:34:40","date_gmt":"2013-10-21T18:34:40","guid":{"rendered":"http:\/\/rsv.bmkz.org\/?page_id=62"},"modified":"2013-10-23T13:18:01","modified_gmt":"2013-10-23T11:18:01","slug":"sportarten","status":"publish","type":"page","link":"https:\/\/www.rsv-kaernten.com\/?page_id=62","title":{"rendered":"Sportarten"},"content":{"rendered":"<div>\n<h1>Sportarten<\/h1>\n<p>In K\u00e4rnten haben sich im Rollstuhlsport im wesentlichen vier Sportarten etabliert &#8211; Basketball, Tennis, Rad fahren und Schifahren. Weitere in anderen Bundesl\u00e4ndern weit verbreitete Behindertensportarten wie Tischtennis und Leichtathletik werden in K\u00e4rnten von Menschen mit Behinderungen wettkampfm\u00e4\u00dfig nur vereinzelt betrieben.<\/p>\n<p>Der RSV K\u00e4rnten widmet sich insbesondere den vier in K\u00e4rnten popul\u00e4rsten Rollstuhlsportarten, steht jedoch auch &#8222;Randsportarten&#8220; positiv gegen\u00fcber und erweitert sein Angebot bei Bedarf gerne.<\/p>\n<p>Auf den folgenden Seiten finden Sie Informationen zu den momentan vordergr\u00fcndigsten Aktivit\u00e4ten des RSV K\u00e4rnten.<\/p>\n<\/div>\n","protected":false},"excerpt":{"rendered":"<p>Sportarten In K\u00e4rnten haben sich im Rollstuhlsport im wesentlichen vier Sportarten etabliert &#8211; Basketball, Tennis, Rad fahren und Schifahren. Weitere in anderen Bundesl\u00e4ndern weit verbreitete Behindertensportarten wie Tischtennis und Leichtathletik werden in K\u00e4rnten von Menschen mit Behinderungen wettkampfm\u00e4\u00dfig nur vereinzelt betrieben. Der RSV K\u00e4rnten widmet sich insbesondere den vier in&#8230;<\/p>\n","protected":false},"author":2,"featured_media":0,"parent":0,"menu_order":0,"comment_status":"closed","ping_status":"open","template":"","meta":{"footnotes":""},"_links":{"self":[{"href":"https:\/\/www.rsv-kaernten.com\/index.php?rest_route=\/wp\/v2\/pages\/62"}],"collection":[{"href":"https:\/\/www.rsv-kaernten.com\/index.php?rest_route=\/wp\/v2\/pages"}],"about":[{"href":"https:\/\/www.rsv-kaernten.com\/index.php?rest_route=\/wp\/v2\/types\/page"}],"author":[{"embeddable":true,"href":"https:\/\/www.rsv-kaernten.com\/index.php?rest_route=\/wp\/v2\/users\/2"}],"replies":[{"embeddable":true,"href":"https:\/\/www.rsv-kaernten.com\/index.php?rest_route=%2Fwp%2Fv2%2Fcomments&post=62"}],"version-history":[{"count":2,"href":"https:\/\/www.rsv-kaernten.com\/index.php?rest_route=\/wp\/v2\/pages\/62\/revisions"}],"predecessor-version":[{"id":65,"href":"https:\/\/www.rsv-kaernten.com\/index.php?rest_route=\/wp\/v2\/pages\/62\/revisions\/65"}],"wp:attachment":[{"href":"https:\/\/www.rsv-kaernten.com\/index.php?rest_route=%2Fwp%2Fv2%2Fmedia&parent=62"}],"curies":[{"name":"wp","href":"https:\/\/api.w.org\/{rel}","templated":true}]}}