{"id":183,"date":"2013-10-25T11:35:05","date_gmt":"2013-10-25T09:35:05","guid":{"rendered":"http:\/\/rsv.bmkz.org\/?page_id=183"},"modified":"2021-02-24T01:03:36","modified_gmt":"2021-02-23T23:03:36","slug":"impressum","status":"publish","type":"page","link":"https:\/\/www.rsv-kaernten.com\/?page_id=183","title":{"rendered":"Impressum"},"content":{"rendered":"<div>\n<h1>Impressum<\/h1>\n<\/div>\n<p><em>Impressum<\/em> gem\u00e4\u00df <a title=\"Bundesgesetz vom 12. Juni 1981 \u00fcber die Presse und andere Publizistische Medien (Mediengesetz - MedienG)\" href=\"http:\/\/ris.bka.gv.at\/taweb-cgi\/taweb?x=d&amp;o=d&amp;v=bnd&amp;d=BND&amp;i=243142&amp;p=1&amp;q=%2825%29%3APARA%2CBSTPARA%20%20%20%20%20%20%20%20und%20%2820051220%3E%3DIDAT%20und%2020051220%3C%3DADAT%29%20und%20%28mediengesetz%29\" target=\"_blank\" rel=\"noopener\">\u00a7 25 Mediengesetz<\/a> und <a title=\"Bundesgesetz, mit dem bestimmte rechtliche Aspekte des elektronischen Gesch\u00e4fts- und Rechtsverkehrs geregelt (E-Commerce-Gesetz - ECG) und das Signaturgesetz sowie die Zivilprozessordnung ge\u00e4ndert werden\" href=\"http:\/\/ris.bka.gv.at\/taweb-cgi\/taweb?x=d&amp;o=d&amp;v=bnd&amp;d=BND&amp;i=201184&amp;p=1&amp;q=%285%29%3APARA%2CBSTPARA%20%20%20%20%20%20%20%20und%20%2820051220%3E%3DIDAT%20und%2020051220%3C%3DADAT%29%20und%20%28E-Commerce%20Gesetz%29\" target=\"_blank\" rel=\"noopener\">\u00a7 5 E-Commerce-Gesetz<\/a>.<\/p>\n<h3>Medieninhaber\/in:<\/h3>\n<p><strong>Universit\u00e4t Klagenfurt<\/strong><br \/>\nUniversit\u00e4tsstra\u00dfe 65-67,<br \/>\n9020 Klagenfurt, \u00d6sterreich<\/p>\n<h3>Herausgeber\/in, Dienstanbieter\/in:<\/h3>\n<p><strong>Rollstuhlsportverein K\u00e4rnten<\/strong><br \/>\nc\/o Manfred Kartnig<br \/>\nSch\u00fcttelkopfstra\u00dfe 2<br \/>\nA-9500 Villach<br \/>\nT: ++43 (0)4242\/58180 oder ++43 (0)664\/3453246<br \/>\nE: <a title=\"E-Mail an .... senden\" href=\"http:\/\/bmkz.uni-klu.ac.at\/cms2\/?id=\" target=\"_blank\" rel=\"noopener\">carinthianbroncos@aon.at<\/a><br \/>\nZVR 118569771<\/p>\n<h3>Redaktionelle und inhaltliche Gestaltung:<\/h3>\n<p>Reinhold M\u00fcller<\/p>\n<h3>Web Verwaltung:<\/h3>\n<p>Andreas Jeitler &#8211; <a title=\"E-Mail an Andreas Jeitler senden\">andreas.jeitler(at)uni-klu.ac.at<\/a><br \/>\nErnst Kocnik &#8211; <a title=\"E-Mail an Ernst Kocnik senden\">ernst.kocnik(at)uni-klu.ac.at<\/a><\/p>\n<h3>CMS:<\/h3>\n<p><a href=\"http:\/\/wordpress.com\" target=\"_blank\" rel=\"noopener\">WordPress<\/a> basierend auf Theme by<a href=\"http:\/\/www.themekraft.com\" target=\"_blank\" rel=\"noopener\"> Themekraft<\/a>.<\/p>\n","protected":false},"excerpt":{"rendered":"<p>Impressum Impressum gem\u00e4\u00df \u00a7 25 Mediengesetz und \u00a7 5 E-Commerce-Gesetz. Medieninhaber\/in: Universit\u00e4t Klagenfurt Universit\u00e4tsstra\u00dfe 65-67, 9020 Klagenfurt, \u00d6sterreich Herausgeber\/in, Dienstanbieter\/in: Rollstuhlsportverein K\u00e4rnten c\/o Manfred Kartnig Sch\u00fcttelkopfstra\u00dfe 2 A-9500 Villach T: ++43 (0)4242\/58180 oder ++43 (0)664\/3453246 E: carinthianbroncos@aon.at ZVR 118569771 Redaktionelle und inhaltliche Gestaltung: Reinhold M\u00fcller Web Verwaltung: Andreas Jeitler &#8211;&#8230;<\/p>\n","protected":false},"author":2,"featured_media":0,"parent":0,"menu_order":2,"comment_status":"closed","ping_status":"open","template":"","meta":{"footnotes":""},"_links":{"self":[{"href":"https:\/\/www.rsv-kaernten.com\/index.php?rest_route=\/wp\/v2\/pages\/183"}],"collection":[{"href":"https:\/\/www.rsv-kaernten.com\/index.php?rest_route=\/wp\/v2\/pages"}],"about":[{"href":"https:\/\/www.rsv-kaernten.com\/index.php?rest_route=\/wp\/v2\/types\/page"}],"author":[{"embeddable":true,"href":"https:\/\/www.rsv-kaernten.com\/index.php?rest_route=\/wp\/v2\/users\/2"}],"replies":[{"embeddable":true,"href":"https:\/\/www.rsv-kaernten.com\/index.php?rest_route=%2Fwp%2Fv2%2Fcomments&post=183"}],"version-history":[{"count":5,"href":"https:\/\/www.rsv-kaernten.com\/index.php?rest_route=\/wp\/v2\/pages\/183\/revisions"}],"predecessor-version":[{"id":1141,"href":"https:\/\/www.rsv-kaernten.com\/index.php?rest_route=\/wp\/v2\/pages\/183\/revisions\/1141"}],"wp:attachment":[{"href":"https:\/\/www.rsv-kaernten.com\/index.php?rest_route=%2Fwp%2Fv2%2Fmedia&parent=183"}],"curies":[{"name":"wp","href":"https:\/\/api.w.org\/{rel}","templated":true}]}}