{"id":181,"date":"2013-10-25T11:33:52","date_gmt":"2013-10-25T09:33:52","guid":{"rendered":"http:\/\/rsv.bmkz.org\/?page_id=181"},"modified":"2025-11-06T01:46:48","modified_gmt":"2025-11-05T23:46:48","slug":"kontakt","status":"publish","type":"page","link":"https:\/\/www.rsv-kaernten.com\/?page_id=181","title":{"rendered":"Kontakt"},"content":{"rendered":"<div id=\"col2_content\">\n<div id=\"c440\">\n<div>\n<h1>Kontaktadresse<\/h1>\n<\/div>\n<p><strong>RSV K\u00e4rnten<\/strong><br \/>\nc\/o Manfred Kartnig<br \/>\nSch\u00fcttelkopfstra\u00dfe 2<br \/>\n9500 Villach<\/p>\n<p>T: +43 664 345 32 46<br \/>\nEmail an <a title=\"\u00d6ffnet ein Fenster zum Versenden einer E-Mail\">RSV K\u00e4rnten<\/a><\/p>\n<pre>Bankverbindung: \nRaffeisenbank W\u00f6rthersee-Landskron Gegendtal\nIban: AT31 3939 0000 0387 4294\nBIC: RZKTAT2K390<\/pre>\n<\/div>\n<\/div>\n","protected":false},"excerpt":{"rendered":"<p>Kontaktadresse RSV K\u00e4rnten c\/o Manfred Kartnig Sch\u00fcttelkopfstra\u00dfe 2 9500 Villach T: +43 664 345 32 46 Email an RSV K\u00e4rnten Bankverbindung: Raffeisenbank W\u00f6rthersee-Landskron Gegendtal Iban: AT31 3939 0000 0387 4294 BIC: RZKTAT2K390<\/p>\n","protected":false},"author":2,"featured_media":0,"parent":0,"menu_order":2,"comment_status":"closed","ping_status":"open","template":"","meta":{"footnotes":""},"_links":{"self":[{"href":"https:\/\/www.rsv-kaernten.com\/index.php?rest_route=\/wp\/v2\/pages\/181"}],"collection":[{"href":"https:\/\/www.rsv-kaernten.com\/index.php?rest_route=\/wp\/v2\/pages"}],"about":[{"href":"https:\/\/www.rsv-kaernten.com\/index.php?rest_route=\/wp\/v2\/types\/page"}],"author":[{"embeddable":true,"href":"https:\/\/www.rsv-kaernten.com\/index.php?rest_route=\/wp\/v2\/users\/2"}],"replies":[{"embeddable":true,"href":"https:\/\/www.rsv-kaernten.com\/index.php?rest_route=%2Fwp%2Fv2%2Fcomments&post=181"}],"version-history":[{"count":9,"href":"https:\/\/www.rsv-kaernten.com\/index.php?rest_route=\/wp\/v2\/pages\/181\/revisions"}],"predecessor-version":[{"id":2139,"href":"https:\/\/www.rsv-kaernten.com\/index.php?rest_route=\/wp\/v2\/pages\/181\/revisions\/2139"}],"wp:attachment":[{"href":"https:\/\/www.rsv-kaernten.com\/index.php?rest_route=%2Fwp%2Fv2%2Fmedia&parent=181"}],"curies":[{"name":"wp","href":"https:\/\/api.w.org\/{rel}","templated":true}]}}