{"id":165,"date":"2013-10-25T09:57:52","date_gmt":"2013-10-25T07:57:52","guid":{"rendered":"http:\/\/rsv.bmkz.org\/?page_id=165"},"modified":"2015-02-27T19:49:59","modified_gmt":"2015-02-27T17:49:59","slug":"ski-alpin","status":"publish","type":"page","link":"https:\/\/www.rsv-kaernten.com\/?page_id=165","title":{"rendered":"Ski Alpin"},"content":{"rendered":"<div>\n<h1>Ski Alpin<\/h1>\n<\/div>\n<div>\n<div>\n<p><a href=\"http:\/\/www.rsv-kaernten.com\/index.php?eID=tx_cms_showpic&amp;file=uploads%2Fpics%2Fmonoski1.jpg&amp;width=800m&amp;height=600m&amp;bodyTag=%3Cbody%20style%3D%22margin%3A0%3B%20background%3A%23fff%3B%22%3E&amp;wrap=%3Ca%20href%3D%22javascript%3Aclose%28%29%3B%22%3E%20%7C%20%3C%2Fa%3E&amp;md5=0be49bdbc1f6a9b4d50a92d787e87631\"><img loading=\"lazy\" decoding=\"async\" class=\"alignright\" style=\"border: 0px none;\" alt=\"\" src=\"http:\/\/www.rsv-kaernten.com\/typo3temp\/pics\/725e92a91b.jpg\" width=\"300\" height=\"200\" border=\"0\" \/><\/a><\/p>\n<\/div>\n<div>\n<p>Zu Beginn der 1970-er Jahre versuchten sich die ersten Rollstuhlfahrer mit eigenkonstriuerten Schischlitten mit zwei Schi im alpinen Schilauf. Diese Schischlitten stellten jedoch aufgrund ihrer schlechten Man\u00f6vrierf\u00e4higkeit eine gro\u00dfe Gefahr f\u00fcr alle Pistenben\u00fctzer und -ben\u00fctzerinnen dar.<\/p>\n<p>Den Durchbruch brachte erst die Einf\u00fchrung des Moniskis, eine Art Skibob mit einer gefederten Sitzschale, die mittels Bindung mit einem normalen Ski verbunden ist. Die genaue Anpassung der Sitzschale auf die K\u00f6rperform des Fahrers\/der Fahrerin und die Verwendung von zwei kurzen Kr\u00fcckenski erm\u00f6glichen ein kontrolliertes Fahren mit \u00e4hnlicher Technik wie im &#8222;normalen&#8220; Schilauf &#8211; Entlastung, Gewichtsverlagerung, Belastung. K\u00f6nner und K\u00f6nnerinnen halten damit leicht auch mit ge\u00fcbten Schil\u00e4ufern und -l\u00e4uferinnen mit und bew\u00e4ltigen selbst schwierigste Pisten. <img loading=\"lazy\" decoding=\"async\" class=\"alignright\" style=\"border: 0px none;\" alt=\"\" src=\"http:\/\/www.rsv-kaernten.com\/typo3temp\/pics\/8bf6e924c0.jpg\" width=\"300\" height=\"200\" border=\"0\" \/><\/p>\n<p>Das Monoskifahren erfreut sich auch beim RSV K\u00e4rnten gro\u00dfer Beliebtheit. Nach Ernst Kocnik und Johann H\u00f6lzl, die bereits seit rund zwanzig Jahren auf K\u00e4rntens Pisten unterwegs sind, haben 2007 auch J\u00fcrgen Grabner und Manfred Kartnig &#8222;den Schi angeschnallt&#8220;.<\/p>\n<p>Weitere Infos:<\/p>\n<ul>\n<li><a href=\"http:\/\/www.tirol.at\/mono-skigebiete\" target=\"_blank\">Monoski: Skigebiete in Tirol<\/a><\/li>\n<li><a href=\"http:\/\/www.weisseespitze.com\/\" target=\"_blank\">Sporthotel Weissseespitze, Kaunertal<\/a><\/li>\n<li><a href=\"http:\/\/www.hotel-braeuwirt.at\/de\/monoski-mekka-gaisberg.html\" target=\"_blank\">Monoski Mekka Gaisberg, Hotel Br\u00e4uwirt, Kirchberg in Tirol<\/a><\/li>\n<li><a href=\"http:\/\/www.wato.de\/165\/winterurlaub\/mono-ski-oesterreich.html\" target=\"_blank\">Monoskifahren in \u00d6sterreich, wato.de<\/a><\/li>\n<li><a href=\"http:\/\/reha-scout.at\/sport-freizeit\/sport\/sportarten\/ski-alpin.html\" target=\"_blank\">Reha-Scout Ski Alpin<\/a><\/li>\n<li><a href=\"http:\/\/www.austria-skiteam.at\/\" target=\"_blank\">Austria Ski Team &#8211; Behindertensport<\/a><\/li>\n<li><a href=\"http:\/\/www.praschberger.com\/\" target=\"_blank\">Rolltechnik &amp; Sport, Alois Praschberger<\/a><\/li>\n<\/ul>\n<p>&nbsp;<\/p>\n<\/div>\n<\/div>\n","protected":false},"excerpt":{"rendered":"<p>Ski Alpin Zu Beginn der 1970-er Jahre versuchten sich die ersten Rollstuhlfahrer mit eigenkonstriuerten Schischlitten mit zwei Schi im alpinen Schilauf. Diese Schischlitten stellten jedoch aufgrund ihrer schlechten Man\u00f6vrierf\u00e4higkeit eine gro\u00dfe Gefahr f\u00fcr alle Pistenben\u00fctzer und -ben\u00fctzerinnen dar. Den Durchbruch brachte erst die Einf\u00fchrung des Moniskis, eine Art Skibob mit&#8230;<\/p>\n","protected":false},"author":2,"featured_media":0,"parent":0,"menu_order":2,"comment_status":"closed","ping_status":"open","template":"","meta":{"footnotes":""},"_links":{"self":[{"href":"https:\/\/www.rsv-kaernten.com\/index.php?rest_route=\/wp\/v2\/pages\/165"}],"collection":[{"href":"https:\/\/www.rsv-kaernten.com\/index.php?rest_route=\/wp\/v2\/pages"}],"about":[{"href":"https:\/\/www.rsv-kaernten.com\/index.php?rest_route=\/wp\/v2\/types\/page"}],"author":[{"embeddable":true,"href":"https:\/\/www.rsv-kaernten.com\/index.php?rest_route=\/wp\/v2\/users\/2"}],"replies":[{"embeddable":true,"href":"https:\/\/www.rsv-kaernten.com\/index.php?rest_route=%2Fwp%2Fv2%2Fcomments&post=165"}],"version-history":[{"count":6,"href":"https:\/\/www.rsv-kaernten.com\/index.php?rest_route=\/wp\/v2\/pages\/165\/revisions"}],"predecessor-version":[{"id":171,"href":"https:\/\/www.rsv-kaernten.com\/index.php?rest_route=\/wp\/v2\/pages\/165\/revisions\/171"}],"wp:attachment":[{"href":"https:\/\/www.rsv-kaernten.com\/index.php?rest_route=%2Fwp%2Fv2%2Fmedia&parent=165"}],"curies":[{"name":"wp","href":"https:\/\/api.w.org\/{rel}","templated":true}]}}