{"id":143,"date":"2013-10-25T09:30:40","date_gmt":"2013-10-25T07:30:40","guid":{"rendered":"http:\/\/rsv.bmkz.org\/?page_id=143"},"modified":"2015-02-27T19:49:59","modified_gmt":"2015-02-27T17:49:59","slug":"regeln","status":"publish","type":"page","link":"https:\/\/www.rsv-kaernten.com\/?page_id=143","title":{"rendered":"Regeln"},"content":{"rendered":"<div id=\"c437\">\n<div>\n<h1>Regeln im Rollstuhlbasketball<\/h1>\n<\/div>\n<p>Grunds\u00e4tzlich sind die Unterschiede zum &#8222;normalen&#8220; Basketball nicht sehr gro\u00df. Die Frage, die die meisten Leute, die zum ersten Mal von Rollstuhlbasketball h\u00f6ren, stellen, ist mit &#8222;Nein&#8220; zu beantworten: Die K\u00f6rbe im Rollstuhlbasketball haben die gleiche H\u00f6he wie jene in der \u00f6sterreichischen Basketballbundesliga oder in der NBA &#8211; 3,05 m. Dadurch, dass ein Rollstuhlfahrer im Sitzen niemals die gleiche Gr\u00f6\u00dfe erreicht wie ein gehender Basketballspieler, muss man vom Rollstuhl aus zwar mehr Kraft beim Wurf anwenden, es gibt aber trotzdem Rollstuhlbasketballspieler, die eine sehr hohe Trefferquote von au\u00dfen erreichen; hierf\u00fcr ist nat\u00fcrlich ein ein wenig h\u00e4rteres Wurftraining notwendig als im &#8222;normalen&#8220; Basketball. Auch die Entfernung der Dreipunktelinie vom Korb ist dieselbe.<\/p>\n<p>Einer der zwei wesentlichen Unterschiede besteht im Dribbeln des Balles. Im Rollstuhlbasketball ist es einem Spieler erlaubt, zweimal seine Treibreifen so zu ber\u00fchren, dass er seine Richtung \u00e4ndert, bevor er einmal mit dem Ball dribbeln muss. Er darf dies aber beliebig oft wiederholen, solange er nach zweimaligem Antauchen wieder mindestens einmal mit dem Ball dribbelt. Die Regel des Doppel-Dribblings gibt es also in unserem Sport nicht.<\/p>\n<p>Auch im Rollstuhlbasketball werden die selben Regel\u00e4nderungen wie im &#8222;normalen&#8220; Basketball angewandt, d. h. ein Spiel besteht jetzt aus vier Vierteln zu je zehn Minuten, nach 24 Sekunden muss ein Wurf, der den Korbring ber\u00fchrt erfolgen, nach acht Sekunden muss der Ball \u00fcber der Mittellinie sein. Ab dem 4. Mannschaftsfoul pro Viertel gibt es nach jedem Foul zwei Freiw\u00fcrfe.<br \/>\nNach wie vor gilt die Regel, dass ein Spieler nach dem f\u00fcnften Foul vom Feld muss. Die Foulregeln sind jenen im Nichtversehrtensport sehr \u00e4hnlich.<br \/>\nDer wohl gr\u00f6\u00dfte Regelunterschied liegt in der sog. Punkteregel.<\/p>\n<h3><strong><em>Die Punkteregel (Klassifizierung der Spieler\/innen)<br \/>\n<\/em><\/strong><\/h3>\n<p>Sinn der sog. Punkteregel ist es, dass m\u00f6glichst viele Spieler unterschiedlichsten Behinderungsgrades in der selben Mannschaft spielen k\u00f6nnen. Im Gegensatz zum Schwimmsport oder zur Leichtathletik gibt es im Basketball die M\u00f6glichkeit, dass Spieler verschiedener Klassifizierungsklassen ohne Nachteile eines einzelnen zusammen spielen k\u00f6nnen. Jeder Spieler, egal ob beinamputiert, querschnittgel\u00e4hmt oder nicht behindert, erh\u00e4lt eine bestimmte Punktezahl. Spieler ohne Behinderungen d\u00fcrfen an internationalen Bewerben nicht teilnehmen und erhalten die h\u00f6chste Punkteanzahl von 4,5. Spieler mit Unterschenkelamputationen erhalten in den meisten F\u00e4llen ebenfalls 4,5 Punkte, solche mit Oberschenkelamputationen und leichten Gehbehinderungen ca. 4,0 Punkte, Spieler, die nur schwer oder gar nicht gehen k\u00f6nnen, aber ihre Oberschenkel nach au\u00dfen dr\u00fccken k\u00f6nnen (Diese Muskelfunktion ist vor allem wegen der M\u00f6glichkeit, sich so besser im Rollstuhl stabilisieren zu k\u00f6nnen, von gro\u00dfer Wichtigkeit f\u00fcr die Punkteeinteilung), erhalten je nach Schwere ihrer Einschr\u00e4nkung 3,5 oder 3,0 Punkte. Alle Spieler, die ihre Oberschenkel nicht nach au\u00dfen dr\u00fccken k\u00f6nnen, erhalten je nach der St\u00e4rke ihrer Bauchmuskeln 1,0 bis 2,5 Punkte. Ein Spieler mit 1,0 Punkten hat kaum die F\u00e4higkeit, seine Bauchmuskeln anzuspannen. Die f\u00fcnf Spieler, die zur selben Zeit auf dem Spielfeld stehen und spielen, d\u00fcrfen zusammen nicht mehr als 14,5 Punkte haben. International wurde die Punktegrenze sogar mit 14,0 Punkten festgesetzt. In \u00d6sterreich gibt es au\u00dferdem die Regel, dass Spieler unter 21 Jahren einen Punkt weniger erhalten.<\/p>\n<p>Interessante Details zur Klassifizierung gibt es auch bei <a title=\"Rollstuhlbasketball auf www.wikipedia.org\" href=\"http:\/\/de.wikipedia.org\/wiki\/Rollstuhlbasketball\" target=\"_blank\">WIKIPEDIA<\/a>!<\/p>\n<p><strong><em>Internationale Bewerbe<\/em><\/strong><\/p>\n<p>Die internationalen Bewerbe im Rollstuhlbasketball sind \u00e4hnlich wie im europ\u00e4ischen Fu\u00dfball, die Meister spielen im sog. Masters-Cup den Titel f\u00fcr den besten Club Europas aus, die Vizemeister spielen im sog. Andre-Vergauwen-Cup um den Titel. Weiters gibt es auch f\u00fcr die schlechter platzierten Mannschaften die M\u00f6glichkeit, am sog. Willi-Brinkmann-Cup teilzunehmen.<\/p>\n<p>&nbsp;<\/p>\n<hr align=\"\u201cleft\u201c\" noshade=\"noshade\" size=\"\u201c1\u201c\" width=\"\u201c15\u201c\" \/>\n<p>&nbsp;<\/p>\n<div>\n<h1>Sportger\u00e4te<\/h1>\n<\/div>\n<div>\n<div>\n<p>Im Rollstuhlbasketball werden starre Rollst\u00fchle ben\u00fctzt, die im Vergleich zu den im Alltag verwendeten Faltrollst\u00fchlen stabiler sind. Durch schr\u00e4g gestellte R\u00e4der sind Sportrollst\u00fchle sehr wendig und auch die seitliche Kippgefahr wird dadurch vermindert. Im Fu\u00dfbereich sind sie mit einem B\u00fcgel versehen, der das Einhaken in andere Rollst\u00fchle verhindert und dadurch auch die Verletzungsgefahr verringert. Um das Kippen nach r\u00fcckw\u00e4rts zu vermeiden, ist an den Sportrollst\u00fchlen hinten ein St\u00fctzrad montiert, an manchen Modellen wie dem unten abgebildeten MEYRA-Stuhl auch zwei. Die Speichen sind mit einem Speichenschutz versehen, der es zum einen verhindert, dass man sich an den H\u00e4nden\/Fingern verletzt und zum anderen wiederum auch das Einhaken in andere Rollst\u00fchle minimiert.<\/p>\n<\/div>\n<div>\n<div>\n<dl>\n<dt><img loading=\"lazy\" decoding=\"async\" alt=\"\" src=\"http:\/\/www.rsv-kaernten.com\/uploads\/pics\/meyra_01.jpg\" width=\"180\" height=\"240\" border=\"0\" \/><\/dt>\n<dd>Sportrollst\u00fchle: oben MEYRA, unten SOPUR<\/dd>\n<\/dl>\n<\/div>\n<div>\n<dl>\n<dt><img loading=\"lazy\" decoding=\"async\" alt=\"\" src=\"http:\/\/www.rsv-kaernten.com\/uploads\/pics\/sopur_01.jpg\" width=\"180\" height=\"240\" border=\"0\" \/><\/dt>\n<\/dl>\n<\/div>\n<\/div>\n<\/div>\n<\/div>\n","protected":false},"excerpt":{"rendered":"<p>Regeln im Rollstuhlbasketball Grunds\u00e4tzlich sind die Unterschiede zum &#8222;normalen&#8220; Basketball nicht sehr gro\u00df. Die Frage, die die meisten Leute, die zum ersten Mal von Rollstuhlbasketball h\u00f6ren, stellen, ist mit &#8222;Nein&#8220; zu beantworten: Die K\u00f6rbe im Rollstuhlbasketball haben die gleiche H\u00f6he wie jene in der \u00f6sterreichischen Basketballbundesliga oder in der NBA&#8230;<\/p>\n","protected":false},"author":2,"featured_media":0,"parent":0,"menu_order":2,"comment_status":"closed","ping_status":"open","template":"","meta":{"footnotes":""},"_links":{"self":[{"href":"https:\/\/www.rsv-kaernten.com\/index.php?rest_route=\/wp\/v2\/pages\/143"}],"collection":[{"href":"https:\/\/www.rsv-kaernten.com\/index.php?rest_route=\/wp\/v2\/pages"}],"about":[{"href":"https:\/\/www.rsv-kaernten.com\/index.php?rest_route=\/wp\/v2\/types\/page"}],"author":[{"embeddable":true,"href":"https:\/\/www.rsv-kaernten.com\/index.php?rest_route=\/wp\/v2\/users\/2"}],"replies":[{"embeddable":true,"href":"https:\/\/www.rsv-kaernten.com\/index.php?rest_route=%2Fwp%2Fv2%2Fcomments&post=143"}],"version-history":[{"count":6,"href":"https:\/\/www.rsv-kaernten.com\/index.php?rest_route=\/wp\/v2\/pages\/143\/revisions"}],"predecessor-version":[{"id":149,"href":"https:\/\/www.rsv-kaernten.com\/index.php?rest_route=\/wp\/v2\/pages\/143\/revisions\/149"}],"wp:attachment":[{"href":"https:\/\/www.rsv-kaernten.com\/index.php?rest_route=%2Fwp%2Fv2%2Fmedia&parent=143"}],"curies":[{"name":"wp","href":"https:\/\/api.w.org\/{rel}","templated":true}]}}